{"id":5901,"date":"2021-05-06T11:50:36","date_gmt":"2021-05-06T11:50:36","guid":{"rendered":"https:\/\/thorsten.qodeinteractive.com\/?page_id=5901"},"modified":"2022-12-16T16:48:35","modified_gmt":"2022-12-16T16:48:35","slug":"blog","status":"publish","type":"page","link":"https:\/\/nexti.team\/de\/blog\/","title":{"rendered":"Blog"},"content":{"rendered":"<div data-elementor-type=\"wp-page\" data-elementor-id=\"5901\" class=\"elementor elementor-5901\" data-elementor-settings=\"[]\">\n\t\t\t\t\t\t\t<div class=\"elementor-section-wrap\">\n\t\t\t\t\t\t\t<section data-exad-particle-enable=\"false\" class=\"elementor-section elementor-top-section elementor-element elementor-element-4b5cd5e elementor-hidden-desktop elementor-hidden-tablet elementor-section-boxed elementor-section-height-default elementor-section-height-default exad-parallax-effect-no exad-background-color-change-no exad-glass-effect-no exad-sticky-section-no qodef-elementor-content-no\" data-id=\"4b5cd5e\" data-element_type=\"section\" data-settings=\"{&quot;ekit_has_onepagescroll_dot&quot;:&quot;yes&quot;}\">\n\t\t\t\t\t\t<div class=\"elementor-container elementor-column-gap-default\">\n\t\t\t\t\t<div class=\"elementor-column elementor-col-100 elementor-top-column elementor-element elementor-element-a4896a3 exad-glass-effect-no exad-sticky-section-no\" data-id=\"a4896a3\" data-element_type=\"column\">\n\t\t\t<div class=\"elementor-widget-wrap elementor-element-populated\">\n\t\t\t\t\t\t\t\t<div class=\"elementor-element elementor-element-29023b5 exad-sticky-section-no exad-glass-effect-no elementor-widget elementor-widget-heading\" data-id=\"29023b5\" data-element_type=\"widget\" data-settings=\"{&quot;ekit_we_effect_on&quot;:&quot;none&quot;}\" data-widget_type=\"heading.default\">\n\t\t\t\t<div class=\"elementor-widget-container\">\n\t\t\t<h2 class=\"elementor-heading-title elementor-size-default\">Blog<\/h2>\t\t<\/div>\n\t\t\t\t<\/div>\n\t\t\t\t\t<\/div>\n\t\t<\/div>\n\t\t\t\t\t\t\t<\/div>\n\t\t<\/section>\n\t\t\t\t<section data-exad-particle-enable=\"false\" class=\"elementor-section elementor-top-section elementor-element elementor-element-ace35a1 elementor-section-full_width elementor-section-height-default elementor-section-height-default exad-parallax-effect-no exad-background-color-change-no exad-glass-effect-no exad-sticky-section-no qodef-elementor-content-no\" data-id=\"ace35a1\" data-element_type=\"section\" data-settings=\"{&quot;ekit_has_onepagescroll_dot&quot;:&quot;yes&quot;}\">\n\t\t\t\t\t\t<div class=\"elementor-container elementor-column-gap-default\">\n\t\t\t\t\t<div class=\"elementor-column elementor-col-100 elementor-top-column elementor-element elementor-element-0bd8fc0 exad-glass-effect-no exad-sticky-section-no\" data-id=\"0bd8fc0\" data-element_type=\"column\">\n\t\t\t<div class=\"elementor-widget-wrap elementor-element-populated\">\n\t\t\t\t\t\t\t\t<div class=\"elementor-element elementor-element-0e05075 exad-sticky-section-no exad-glass-effect-no elementor-widget elementor-widget-thorsten_core_blog_list\" data-id=\"0e05075\" data-element_type=\"widget\" data-settings=\"{&quot;ekit_we_effect_on&quot;:&quot;none&quot;}\" data-widget_type=\"thorsten_core_blog_list.default\">\n\t\t\t\t<div class=\"elementor-widget-container\">\n\t\t\t<div class=\"qodef-shortcode qodef-m  qodef-blog qodef--list qodef-item-layout--standard qodef-hover-animation--no qodef-grid qodef-layout--columns   qodef-gutter--huge qodef-col-num--1 qodef-item-layout--standard qodef-pagination--on qodef-pagination-type--standard qodef-responsive--predefined\" data-options=\"{&quot;plugin&quot;:&quot;thorsten_core&quot;,&quot;module&quot;:&quot;blog\\\/shortcodes&quot;,&quot;shortcode&quot;:&quot;blog-list&quot;,&quot;post_type&quot;:&quot;post&quot;,&quot;next_page&quot;:&quot;2&quot;,&quot;max_pages_num&quot;:1,&quot;behavior&quot;:&quot;columns&quot;,&quot;images_proportion&quot;:&quot;full&quot;,&quot;columns&quot;:&quot;1&quot;,&quot;columns_responsive&quot;:&quot;predefined&quot;,&quot;space&quot;:&quot;huge&quot;,&quot;posts_per_page&quot;:&quot;7&quot;,&quot;orderby&quot;:&quot;ID&quot;,&quot;order&quot;:&quot;ASC&quot;,&quot;layout&quot;:&quot;standard&quot;,&quot;title_tag&quot;:&quot;h3&quot;,&quot;excerpt_length&quot;:&quot;450&quot;,&quot;hover_animation&quot;:&quot;no&quot;,&quot;pagination_type&quot;:&quot;standard&quot;,&quot;object_class_name&quot;:&quot;ThorstenCore_Blog_List_Shortcode&quot;,&quot;taxonomy_filter&quot;:&quot;category&quot;,&quot;space_value&quot;:40}\">\n\t\t<div class=\"qodef-grid-inner clear\">\n\t\t<article class=\"qodef-e qodef-blog-item qodef-grid-item qodef-item--full post-6196 post type-post status-publish format-standard has-post-thumbnail hentry category-uncategorized tag-ideas\">\n\t<div class=\"qodef-e-inner\">\n\t\t<div class=\"qodef-e-media\">\n\t\t<div class=\"qodef-e-media-image\">\n\t\t<a itemprop=\"url\" href=\"https:\/\/nexti.team\/de\/the-single-biggest-reason-why-startups-succeed\/\">\n\t\t\t<img decoding=\"async\" width=\"1380\" height=\"475\" src=\"https:\/\/nexti.team\/wp-content\/uploads\/2021\/05\/blog1-7.jpg\" class=\"attachment-full size-full\" alt=\"\" srcset=\"https:\/\/nexti.team\/wp-content\/uploads\/2021\/05\/blog1-7.jpg 1380w, https:\/\/nexti.team\/wp-content\/uploads\/2021\/05\/blog1-7-300x103.jpg 300w, https:\/\/nexti.team\/wp-content\/uploads\/2021\/05\/blog1-7-1024x352.jpg 1024w, https:\/\/nexti.team\/wp-content\/uploads\/2021\/05\/blog1-7-768x264.jpg 768w, https:\/\/nexti.team\/wp-content\/uploads\/2021\/05\/blog1-7-600x207.jpg 600w\" sizes=\"(max-width: 1380px) 100vw, 1380px\" \/>\t\t<\/a>\n\t<\/div>\n<\/div>\n\t\t<div class=\"qodef-e-content\">\n\t\t\t<div class=\"qodef-e-info qodef-info--top\">\n\t\t\t\t<div itemprop=\"dateCreated\" class=\"qodef-e-info-item qodef-e-info-date entry-date\">\n\t<a itemprop=\"url\" href=\"https:\/\/nexti.team\/de\/2021\/05\/\">\n\t\tMai 6, 2021\t<\/a>\n<\/div>\n<div class=\"qodef-e-info-item qodef-e-info-author\">\n\t<a itemprop=\"author\" class=\"qodef-e-info-author-link\" href=\"https:\/\/nexti.team\/de\/author\/alex-web\/\">\n\t\tby\t\talex.web\t<\/a>\n<\/div>\n<div class=\"qodef-e-info-item qodef-e-info-category\">\n\t<a href=\"https:\/\/nexti.team\/de\/category\/uncategorized\/\" rel=\"category tag\">Uncategorized<\/a><\/div>\n\t\t\t<\/div>\n\t\t\t<div class=\"qodef-e-text\">\n\t\t\t\t<h3 itemprop=\"name\" class=\"qodef-e-title entry-title\">\n\t\t\t<a itemprop=\"url\" class=\"qodef-e-title-link\" href=\"https:\/\/nexti.team\/de\/the-single-biggest-reason-why-startups-succeed\/\">\n\t\t\tWie schreibt man einen Lebenslauf richtig?\t\t\t<\/a>\n\t<\/h3>\n\t\t<p itemprop=\"description\" class=\"qodef-e-excerpt\">Diese Frage stellt sich fast jeder, der auf der Suche nach einem Job ist. Um einen guten Lebenslauf zu schreiben, m\u00fcssen Sie sich auf die wichtigsten Fakten Ihres beruflichen Lebenslaufs konzentrieren. Daher sollte Ihre professionelle Visitenkarte so aussehen.<\/p>\n\t\t\t\t<\/div>\n\t\t\t<div class=\"qodef-e-info qodef-info--bottom\">\n\t\t\t\t<div class=\"qodef-e-info-left\">\n\t\t\t\t\t\t<div class=\"qodef-e-read-more\">\n\t\t<a class=\"qodef-shortcode qodef-m  qodef-button qodef-layout--textual  qodef-html--link qodef--with-icon\" href=\"https:\/\/nexti.team\/de\/the-single-biggest-reason-why-startups-succeed\/\" target=\"_self\"  >\t<span class=\"qodef-m-text\">Read more<\/span>\t\t\t<svg class=\"qodef-m-button-icon\" x=\"0px\" y=\"0px\" viewbox=\"0 0 1015 771\" xml:space=\"preserve\"><polygon points=\"34.5,307.5 684.2,307.5 513,136.4 629,20.4 882.1,273.5 998.1,389.5 882.1,505.5 629,758.6 513,642.7 684.2,471.5 34.5,471.5 \"><\/polygon><\/svg>\t<\/a>\t<\/div>\n\t\t\t\t<\/div>\n\t\t\t<\/div>\n\t\t<\/div>\n\t<\/div>\n<\/article>\n<article class=\"qodef-e qodef-blog-item qodef-grid-item qodef-item--full post-6219 post type-post status-publish format-standard has-post-thumbnail hentry category-technology tag-ideas\">\n\t<div class=\"qodef-e-inner\">\n\t\t<div class=\"qodef-e-media\">\n\t\t<div class=\"qodef-e-media-image\">\n\t\t<a itemprop=\"url\" href=\"https:\/\/nexti.team\/de\/tips-tricks-from-the-pros-for-managing-team\/\">\n\t\t\t<img decoding=\"async\" width=\"1380\" height=\"475\" src=\"https:\/\/nexti.team\/wp-content\/uploads\/2021\/05\/blog2-7.jpg\" class=\"attachment-full size-full\" alt=\"\" srcset=\"https:\/\/nexti.team\/wp-content\/uploads\/2021\/05\/blog2-7.jpg 1380w, https:\/\/nexti.team\/wp-content\/uploads\/2021\/05\/blog2-7-300x103.jpg 300w, https:\/\/nexti.team\/wp-content\/uploads\/2021\/05\/blog2-7-1024x352.jpg 1024w, https:\/\/nexti.team\/wp-content\/uploads\/2021\/05\/blog2-7-768x264.jpg 768w, https:\/\/nexti.team\/wp-content\/uploads\/2021\/05\/blog2-7-600x207.jpg 600w\" sizes=\"(max-width: 1380px) 100vw, 1380px\" \/>\t\t<\/a>\n\t<\/div>\n<\/div>\n\t\t<div class=\"qodef-e-content\">\n\t\t\t<div class=\"qodef-e-info qodef-info--top\">\n\t\t\t\t<div itemprop=\"dateCreated\" class=\"qodef-e-info-item qodef-e-info-date entry-date\">\n\t<a itemprop=\"url\" href=\"https:\/\/nexti.team\/de\/2021\/05\/\">\n\t\tMai 6, 2021\t<\/a>\n<\/div>\n<div class=\"qodef-e-info-item qodef-e-info-author\">\n\t<a itemprop=\"author\" class=\"qodef-e-info-author-link\" href=\"https:\/\/nexti.team\/de\/author\/alex-web\/\">\n\t\tby\t\talex.web\t<\/a>\n<\/div>\n<div class=\"qodef-e-info-item qodef-e-info-category\">\n\t<a href=\"https:\/\/nexti.team\/de\/category\/technology\/\" rel=\"category tag\">Technology<\/a><\/div>\n\t\t\t<\/div>\n\t\t\t<div class=\"qodef-e-text\">\n\t\t\t\t<h3 itemprop=\"name\" class=\"qodef-e-title entry-title\">\n\t\t\t<a itemprop=\"url\" class=\"qodef-e-title-link\" href=\"https:\/\/nexti.team\/de\/tips-tricks-from-the-pros-for-managing-team\/\">\n\t\t\tGr\u00fcnde f\u00fcr die Personalfluktuation und wie man sie verhindern kann\t\t\t<\/a>\n\t<\/h3>\n\t\t<p itemprop=\"description\" class=\"qodef-e-excerpt\">Die Kosten der Personalfluktuation sind f\u00fcr ein Unternehmen manchmal sehr hoch. Ein von diesem Problem betroffener Arbeitgeber muss die Ursachen analysieren und wirksame Wege finden, um die Entlassung von Mitarbeitern zu verhindern. In diesem Artikel werfen wir einen genaueren Blick darauf, was die Ursachen f\u00fcr die Personalfluktuation sind und wie man sie bek\u00e4mpfen kann.<\/p>\n\t\t\t\t<\/div>\n\t\t\t<div class=\"qodef-e-info qodef-info--bottom\">\n\t\t\t\t<div class=\"qodef-e-info-left\">\n\t\t\t\t\t\t<div class=\"qodef-e-read-more\">\n\t\t<a class=\"qodef-shortcode qodef-m  qodef-button qodef-layout--textual  qodef-html--link qodef--with-icon\" href=\"https:\/\/nexti.team\/de\/tips-tricks-from-the-pros-for-managing-team\/\" target=\"_self\"  >\t<span class=\"qodef-m-text\">Read more<\/span>\t\t\t<svg class=\"qodef-m-button-icon\" x=\"0px\" y=\"0px\" viewbox=\"0 0 1015 771\" xml:space=\"preserve\"><polygon points=\"34.5,307.5 684.2,307.5 513,136.4 629,20.4 882.1,273.5 998.1,389.5 882.1,505.5 629,758.6 513,642.7 684.2,471.5 34.5,471.5 \"><\/polygon><\/svg>\t<\/a>\t<\/div>\n\t\t\t\t<\/div>\n\t\t\t<\/div>\n\t\t<\/div>\n\t<\/div>\n<\/article>\n<article class=\"qodef-e qodef-blog-item qodef-grid-item qodef-item--full post-12736 post type-post status-publish format-standard has-post-thumbnail hentry category-technology tag-ideas\">\n\t<div class=\"qodef-e-inner\">\n\t\t<div class=\"qodef-e-media\">\n\t\t<div class=\"qodef-e-media-image\">\n\t\t<a itemprop=\"url\" href=\"https:\/\/nexti.team\/de\/the-single-biggest-reason-why-startups-succeed-2\/\">\n\t\t\t<img decoding=\"async\" width=\"1380\" height=\"475\" src=\"https:\/\/nexti.team\/wp-content\/uploads\/2021\/09\/blog3.jpg\" class=\"attachment-full size-full\" alt=\"\" srcset=\"https:\/\/nexti.team\/wp-content\/uploads\/2021\/09\/blog3.jpg 1380w, https:\/\/nexti.team\/wp-content\/uploads\/2021\/09\/blog3-300x103.jpg 300w, https:\/\/nexti.team\/wp-content\/uploads\/2021\/09\/blog3-1024x352.jpg 1024w, https:\/\/nexti.team\/wp-content\/uploads\/2021\/09\/blog3-768x264.jpg 768w, https:\/\/nexti.team\/wp-content\/uploads\/2021\/09\/blog3-600x207.jpg 600w\" sizes=\"(max-width: 1380px) 100vw, 1380px\" \/>\t\t<\/a>\n\t<\/div>\n<\/div>\n\t\t<div class=\"qodef-e-content\">\n\t\t\t<div class=\"qodef-e-info qodef-info--top\">\n\t\t\t\t<div itemprop=\"dateCreated\" class=\"qodef-e-info-item qodef-e-info-date entry-date\">\n\t<a itemprop=\"url\" href=\"https:\/\/nexti.team\/de\/2021\/09\/\">\n\t\tSeptember 30, 2021\t<\/a>\n<\/div>\n<div class=\"qodef-e-info-item qodef-e-info-author\">\n\t<a itemprop=\"author\" class=\"qodef-e-info-author-link\" href=\"https:\/\/nexti.team\/de\/author\/alex-web\/\">\n\t\tby\t\talex.web\t<\/a>\n<\/div>\n<div class=\"qodef-e-info-item qodef-e-info-category\">\n\t<a href=\"https:\/\/nexti.team\/de\/category\/technology\/\" rel=\"category tag\">Technology<\/a><\/div>\n\t\t\t<\/div>\n\t\t\t<div class=\"qodef-e-text\">\n\t\t\t\t<h3 itemprop=\"name\" class=\"qodef-e-title entry-title\">\n\t\t\t<a itemprop=\"url\" class=\"qodef-e-title-link\" href=\"https:\/\/nexti.team\/de\/the-single-biggest-reason-why-startups-succeed-2\/\">\n\t\t\tKarrierewachstum - Regeln f\u00fcr erfolgreiches Karrierewachstum bei der Arbeit\t\t\t<\/a>\n\t<\/h3>\n\t\t<p itemprop=\"description\" class=\"qodef-e-excerpt\">Wenn Sie eine Stelle annehmen, tun dies nur wenige mit dem Gedanken, dass sie bereits alles erreicht haben, was sie erreichen wollten, und dass es nichts mehr zu tun gibt. Doch eine erfolgreiche Karriereentwicklung ist das, was die meisten wollen, aber nicht alle erreichen. Es gibt mehrere Gr\u00fcnde f\u00fcr diese Kehrtwende, und nicht alle h\u00e4ngen von einer Person ab, in den meisten F\u00e4llen ist es eine Kombination von Faktoren. Einige davon h\u00e4ngen von der Person selbst ab, andere von den Umst\u00e4nden.\n<\/p>\n\t\t\t\t<\/div>\n\t\t\t<div class=\"qodef-e-info qodef-info--bottom\">\n\t\t\t\t<div class=\"qodef-e-info-left\">\n\t\t\t\t\t\t<div class=\"qodef-e-read-more\">\n\t\t<a class=\"qodef-shortcode qodef-m  qodef-button qodef-layout--textual  qodef-html--link qodef--with-icon\" href=\"https:\/\/nexti.team\/de\/the-single-biggest-reason-why-startups-succeed-2\/\" target=\"_self\"  >\t<span class=\"qodef-m-text\">Read more<\/span>\t\t\t<svg class=\"qodef-m-button-icon\" x=\"0px\" y=\"0px\" viewbox=\"0 0 1015 771\" xml:space=\"preserve\"><polygon points=\"34.5,307.5 684.2,307.5 513,136.4 629,20.4 882.1,273.5 998.1,389.5 882.1,505.5 629,758.6 513,642.7 684.2,471.5 34.5,471.5 \"><\/polygon><\/svg>\t<\/a>\t<\/div>\n\t\t\t\t<\/div>\n\t\t\t<\/div>\n\t\t<\/div>\n\t<\/div>\n<\/article>\n<article class=\"qodef-e qodef-blog-item qodef-grid-item qodef-item--full post-12738 post type-post status-publish format-standard has-post-thumbnail hentry category-technology tag-ideas\">\n\t<div class=\"qodef-e-inner\">\n\t\t<div class=\"qodef-e-media\">\n\t\t<div class=\"qodef-e-media-image\">\n\t\t<a itemprop=\"url\" href=\"https:\/\/nexti.team\/de\/tips-tricks-from-the-pros-for-managing-a-team\/\">\n\t\t\t<img decoding=\"async\" width=\"1380\" height=\"475\" src=\"https:\/\/nexti.team\/wp-content\/uploads\/2021\/09\/blog4.jpg\" class=\"attachment-full size-full\" alt=\"\" srcset=\"https:\/\/nexti.team\/wp-content\/uploads\/2021\/09\/blog4.jpg 1380w, https:\/\/nexti.team\/wp-content\/uploads\/2021\/09\/blog4-300x103.jpg 300w, https:\/\/nexti.team\/wp-content\/uploads\/2021\/09\/blog4-1024x352.jpg 1024w, https:\/\/nexti.team\/wp-content\/uploads\/2021\/09\/blog4-768x264.jpg 768w, https:\/\/nexti.team\/wp-content\/uploads\/2021\/09\/blog4-600x207.jpg 600w\" sizes=\"(max-width: 1380px) 100vw, 1380px\" \/>\t\t<\/a>\n\t<\/div>\n<\/div>\n\t\t<div class=\"qodef-e-content\">\n\t\t\t<div class=\"qodef-e-info qodef-info--top\">\n\t\t\t\t<div itemprop=\"dateCreated\" class=\"qodef-e-info-item qodef-e-info-date entry-date\">\n\t<a itemprop=\"url\" href=\"https:\/\/nexti.team\/de\/2021\/09\/\">\n\t\tSeptember 30, 2021\t<\/a>\n<\/div>\n<div class=\"qodef-e-info-item qodef-e-info-author\">\n\t<a itemprop=\"author\" class=\"qodef-e-info-author-link\" href=\"https:\/\/nexti.team\/de\/author\/alex-web\/\">\n\t\tby\t\talex.web\t<\/a>\n<\/div>\n<div class=\"qodef-e-info-item qodef-e-info-category\">\n\t<a href=\"https:\/\/nexti.team\/de\/category\/technology\/\" rel=\"category tag\">Technology<\/a><\/div>\n\t\t\t<\/div>\n\t\t\t<div class=\"qodef-e-text\">\n\t\t\t\t<h3 itemprop=\"name\" class=\"qodef-e-title entry-title\">\n\t\t\t<a itemprop=\"url\" class=\"qodef-e-title-link\" href=\"https:\/\/nexti.team\/de\/tips-tricks-from-the-pros-for-managing-a-team\/\">\n\t\t\t4 Fehler bei der Stellensuche\t\t\t<\/a>\n\t<\/h3>\n\t\t<p itemprop=\"description\" class=\"qodef-e-excerpt\">Ein Lebenslauf ist Ihr wichtigstes Mittel, um die Aufmerksamkeit eines Personalverantwortlichen auf Ihre Bewerbung zu lenken. Nat\u00fcrlich k\u00f6nnen Sie sich auch einfach auf eine offene Stelle bewerben, indem Sie Ihren Namen und Ihre Kontakte angeben. Aber das ist weit weniger effektiv - Sie werden sofort gegen die Mitbewerber verlieren, die nicht zu faul waren und ein solches Dokument ohnehin erstellt haben. Es ist sehr wahrscheinlich, dass der Personalverantwortliche Sie gar nicht zur\u00fcckrufen wird.\n<\/p>\n\t\t\t\t<\/div>\n\t\t\t<div class=\"qodef-e-info qodef-info--bottom\">\n\t\t\t\t<div class=\"qodef-e-info-left\">\n\t\t\t\t\t\t<div class=\"qodef-e-read-more\">\n\t\t<a class=\"qodef-shortcode qodef-m  qodef-button qodef-layout--textual  qodef-html--link qodef--with-icon\" href=\"https:\/\/nexti.team\/de\/tips-tricks-from-the-pros-for-managing-a-team\/\" target=\"_self\"  >\t<span class=\"qodef-m-text\">Read more<\/span>\t\t\t<svg class=\"qodef-m-button-icon\" x=\"0px\" y=\"0px\" viewbox=\"0 0 1015 771\" xml:space=\"preserve\"><polygon points=\"34.5,307.5 684.2,307.5 513,136.4 629,20.4 882.1,273.5 998.1,389.5 882.1,505.5 629,758.6 513,642.7 684.2,471.5 34.5,471.5 \"><\/polygon><\/svg>\t<\/a>\t<\/div>\n\t\t\t\t<\/div>\n\t\t\t<\/div>\n\t\t<\/div>\n\t<\/div>\n<\/article>\n\t<\/div>\n\t<\/div>\n\t\t<\/div>\n\t\t\t\t<\/div>\n\t\t\t\t\t<\/div>\n\t\t<\/div>\n\t\t\t\t\t\t\t<\/div>\n\t\t<\/section>\n\t\t\t\t\t\t<\/div>\n\t\t\t\t\t<\/div>","protected":false},"excerpt":{"rendered":"<p>Blog May 6, 2021 by alex.web Uncategorized How to Write a Resume Correctly? A question that worries almost everyone who is looking for a job. To write a good resume, you will need to focus on the main facts of your professional bio. Therefore, your professional business card should look like this. Read more May [&hellip;]<\/p>","protected":false},"author":1,"featured_media":13931,"parent":0,"menu_order":0,"comment_status":"closed","ping_status":"closed","template":"","meta":{"_monsterinsights_skip_tracking":false,"_monsterinsights_sitenote_active":false,"_monsterinsights_sitenote_note":"","_monsterinsights_sitenote_category":0,"footnotes":""},"yoast_head":"<!-- This site is optimized with the Yoast SEO Premium plugin v17.1 (Yoast SEO v17.7.1) - https:\/\/yoast.com\/wordpress\/plugins\/seo\/ -->\n<title>Tips from our team! | NEXTI<\/title>\n<meta name=\"description\" content=\"Want to know how to write your CV correctly or what are the typical mistakes of applicants seeking a job? Read more in our blog!\" \/>\n<meta name=\"robots\" content=\"index, follow, max-snippet:-1, max-image-preview:large, max-video-preview:-1\" \/>\n<link rel=\"canonical\" href=\"https:\/\/nexti.team\/de\/blog\/\" \/>\n<meta property=\"og:locale\" content=\"de_DE\" \/>\n<meta property=\"og:type\" content=\"article\" \/>\n<meta property=\"og:title\" content=\"Tips from our team! | NEXTI\" \/>\n<meta property=\"og:description\" content=\"Want to know how to write your CV correctly or what are the typical mistakes of applicants seeking a job? Read more in our blog!\" \/>\n<meta property=\"og:url\" content=\"https:\/\/nexti.team\/de\/blog\/\" \/>\n<meta property=\"og:site_name\" content=\"Nexi HR\" \/>\n<meta property=\"article:modified_time\" content=\"2022-12-16T16:48:35+00:00\" \/>\n<meta property=\"og:image\" content=\"https:\/\/nexti.team\/wp-content\/uploads\/2021\/10\/nexti_1024x512.jpg\" \/>\n\t<meta property=\"og:image:width\" content=\"1024\" \/>\n\t<meta property=\"og:image:height\" content=\"512\" \/>\n<meta name=\"twitter:card\" content=\"summary_large_image\" \/>\n<meta name=\"twitter:title\" content=\"Tips from our team! | NEXTI\" \/>\n<meta name=\"twitter:description\" content=\"Want to know how to write your CV correctly or what are the typical mistakes of applicants seeking a job? Read more in our blog!\" \/>\n<meta name=\"twitter:label1\" content=\"Gesch\u00e4tzte Lesezeit\" \/>\n\t<meta name=\"twitter:data1\" content=\"3\u00a0Minuten\" \/>\n<script type=\"application\/ld+json\" class=\"yoast-schema-graph\">{\"@context\":\"https:\/\/schema.org\",\"@graph\":[{\"@type\":\"WebSite\",\"@id\":\"https:\/\/nexti.team\/#website\",\"url\":\"https:\/\/nexti.team\/\",\"name\":\"Nexi HR\",\"description\":\"\",\"potentialAction\":[{\"@type\":\"SearchAction\",\"target\":{\"@type\":\"EntryPoint\",\"urlTemplate\":\"https:\/\/nexti.team\/?s={search_term_string}\"},\"query-input\":\"required name=search_term_string\"}],\"inLanguage\":\"de\"},{\"@type\":\"ImageObject\",\"@id\":\"https:\/\/nexti.team\/blog\/#primaryimage\",\"inLanguage\":\"de\",\"url\":\"https:\/\/nexti.team\/wp-content\/uploads\/2021\/10\/nexti_1024x512.jpg\",\"contentUrl\":\"https:\/\/nexti.team\/wp-content\/uploads\/2021\/10\/nexti_1024x512.jpg\",\"width\":1024,\"height\":512},{\"@type\":\"WebPage\",\"@id\":\"https:\/\/nexti.team\/blog\/#webpage\",\"url\":\"https:\/\/nexti.team\/blog\/\",\"name\":\"Tips from our team! | NEXTI\",\"isPartOf\":{\"@id\":\"https:\/\/nexti.team\/#website\"},\"primaryImageOfPage\":{\"@id\":\"https:\/\/nexti.team\/blog\/#primaryimage\"},\"datePublished\":\"2021-05-06T11:50:36+00:00\",\"dateModified\":\"2022-12-16T16:48:35+00:00\",\"description\":\"Want to know how to write your CV correctly or what are the typical mistakes of applicants seeking a job? Read more in our blog!\",\"breadcrumb\":{\"@id\":\"https:\/\/nexti.team\/blog\/#breadcrumb\"},\"inLanguage\":\"de\",\"potentialAction\":[{\"@type\":\"ReadAction\",\"target\":[\"https:\/\/nexti.team\/blog\/\"]}]},{\"@type\":\"BreadcrumbList\",\"@id\":\"https:\/\/nexti.team\/blog\/#breadcrumb\",\"itemListElement\":[{\"@type\":\"ListItem\",\"position\":1,\"name\":\"Home\",\"item\":\"https:\/\/nexti.team\/\"},{\"@type\":\"ListItem\",\"position\":2,\"name\":\"Blog\"}]}]}<\/script>\n<!-- \/ Yoast SEO Premium plugin. -->","yoast_head_json":{"title":"Tips from our team! | NEXTI","description":"Want to know how to write your CV correctly or what are the typical mistakes of applicants seeking a job? Read more in our blog!","robots":{"index":"index","follow":"follow","max-snippet":"max-snippet:-1","max-image-preview":"max-image-preview:large","max-video-preview":"max-video-preview:-1"},"canonical":"https:\/\/nexti.team\/de\/blog\/","og_locale":"de_DE","og_type":"article","og_title":"Tips from our team! | NEXTI","og_description":"Want to know how to write your CV correctly or what are the typical mistakes of applicants seeking a job? Read more in our blog!","og_url":"https:\/\/nexti.team\/de\/blog\/","og_site_name":"Nexi HR","article_modified_time":"2022-12-16T16:48:35+00:00","og_image":[{"width":1024,"height":512,"url":"https:\/\/nexti.team\/wp-content\/uploads\/2021\/10\/nexti_1024x512.jpg","type":"image\/jpeg"}],"twitter_card":"summary_large_image","twitter_title":"Tips from our team! | NEXTI","twitter_description":"Want to know how to write your CV correctly or what are the typical mistakes of applicants seeking a job? Read more in our blog!","twitter_misc":{"Gesch\u00e4tzte Lesezeit":"3\u00a0Minuten"},"schema":{"@context":"https:\/\/schema.org","@graph":[{"@type":"WebSite","@id":"https:\/\/nexti.team\/#website","url":"https:\/\/nexti.team\/","name":"Nexi HR","description":"","potentialAction":[{"@type":"SearchAction","target":{"@type":"EntryPoint","urlTemplate":"https:\/\/nexti.team\/?s={search_term_string}"},"query-input":"required name=search_term_string"}],"inLanguage":"de"},{"@type":"ImageObject","@id":"https:\/\/nexti.team\/blog\/#primaryimage","inLanguage":"de","url":"https:\/\/nexti.team\/wp-content\/uploads\/2021\/10\/nexti_1024x512.jpg","contentUrl":"https:\/\/nexti.team\/wp-content\/uploads\/2021\/10\/nexti_1024x512.jpg","width":1024,"height":512},{"@type":"WebPage","@id":"https:\/\/nexti.team\/blog\/#webpage","url":"https:\/\/nexti.team\/blog\/","name":"Tips from our team! | NEXTI","isPartOf":{"@id":"https:\/\/nexti.team\/#website"},"primaryImageOfPage":{"@id":"https:\/\/nexti.team\/blog\/#primaryimage"},"datePublished":"2021-05-06T11:50:36+00:00","dateModified":"2022-12-16T16:48:35+00:00","description":"Want to know how to write your CV correctly or what are the typical mistakes of applicants seeking a job? Read more in our blog!","breadcrumb":{"@id":"https:\/\/nexti.team\/blog\/#breadcrumb"},"inLanguage":"de","potentialAction":[{"@type":"ReadAction","target":["https:\/\/nexti.team\/blog\/"]}]},{"@type":"BreadcrumbList","@id":"https:\/\/nexti.team\/blog\/#breadcrumb","itemListElement":[{"@type":"ListItem","position":1,"name":"Home","item":"https:\/\/nexti.team\/"},{"@type":"ListItem","position":2,"name":"Blog"}]}]}},"_links":{"self":[{"href":"https:\/\/nexti.team\/de\/wp-json\/wp\/v2\/pages\/5901"}],"collection":[{"href":"https:\/\/nexti.team\/de\/wp-json\/wp\/v2\/pages"}],"about":[{"href":"https:\/\/nexti.team\/de\/wp-json\/wp\/v2\/types\/page"}],"author":[{"embeddable":true,"href":"https:\/\/nexti.team\/de\/wp-json\/wp\/v2\/users\/1"}],"replies":[{"embeddable":true,"href":"https:\/\/nexti.team\/de\/wp-json\/wp\/v2\/comments?post=5901"}],"version-history":[{"count":0,"href":"https:\/\/nexti.team\/de\/wp-json\/wp\/v2\/pages\/5901\/revisions"}],"wp:featuredmedia":[{"embeddable":true,"href":"https:\/\/nexti.team\/de\/wp-json\/wp\/v2\/media\/13931"}],"wp:attachment":[{"href":"https:\/\/nexti.team\/de\/wp-json\/wp\/v2\/media?parent=5901"}],"curies":[{"name":"wp","href":"https:\/\/api.w.org\/{rel}","templated":true}]}}