{"id":6945,"date":"2021-05-07T17:05:46","date_gmt":"2021-05-07T17:05:46","guid":{"rendered":"https:\/\/thorsten.qodeinteractive.com\/?page_id=6945"},"modified":"2022-12-16T17:25:18","modified_gmt":"2022-12-16T17:25:18","slug":"faq-page","status":"publish","type":"page","link":"https:\/\/nexti.team\/it\/faq-page\/","title":{"rendered":"Pagina FAQ"},"content":{"rendered":"<div data-elementor-type=\"wp-page\" data-elementor-id=\"6945\" class=\"elementor elementor-6945\" data-elementor-settings=\"[]\">\n\t\t\t\t\t\t\t<div class=\"elementor-section-wrap\">\n\t\t\t\t\t\t\t<section data-exad-particle-enable=\"false\" class=\"elementor-section elementor-top-section elementor-element elementor-element-ecbc477 elementor-hidden-desktop elementor-hidden-tablet elementor-section-boxed elementor-section-height-default elementor-section-height-default exad-parallax-effect-no exad-background-color-change-no exad-glass-effect-no exad-sticky-section-no qodef-elementor-content-no\" data-id=\"ecbc477\" data-element_type=\"section\" data-settings=\"{&quot;ekit_has_onepagescroll_dot&quot;:&quot;yes&quot;}\">\n\t\t\t\t\t\t<div class=\"elementor-container elementor-column-gap-default\">\n\t\t\t\t\t<div class=\"elementor-column elementor-col-100 elementor-top-column elementor-element elementor-element-950f190 exad-glass-effect-no exad-sticky-section-no\" data-id=\"950f190\" data-element_type=\"column\">\n\t\t\t<div class=\"elementor-widget-wrap elementor-element-populated\">\n\t\t\t\t\t\t\t\t<div class=\"elementor-element elementor-element-c1713b7 exad-sticky-section-no exad-glass-effect-no elementor-widget elementor-widget-heading\" data-id=\"c1713b7\" data-element_type=\"widget\" data-settings=\"{&quot;ekit_we_effect_on&quot;:&quot;none&quot;}\" data-widget_type=\"heading.default\">\n\t\t\t\t<div class=\"elementor-widget-container\">\n\t\t\t<h2 class=\"elementor-heading-title elementor-size-default\">Pagina FAQ<\/h2>\t\t<\/div>\n\t\t\t\t<\/div>\n\t\t\t\t<div class=\"elementor-element elementor-element-7ff9725 exad-sticky-section-no exad-glass-effect-no elementor-widget elementor-widget-image\" data-id=\"7ff9725\" data-element_type=\"widget\" data-settings=\"{&quot;ekit_we_effect_on&quot;:&quot;none&quot;}\" data-widget_type=\"image.default\">\n\t\t\t\t<div class=\"elementor-widget-container\">\n\t\t\t\t\t\t\t\t\t\t\t\t\t\t\t<img decoding=\"async\" width=\"553\" height=\"465\" src=\"https:\/\/nexti.team\/wp-content\/uploads\/2022\/12\/faq.jpg\" class=\"attachment-large size-large\" alt=\"\" srcset=\"https:\/\/nexti.team\/wp-content\/uploads\/2022\/12\/faq.jpg 553w, https:\/\/nexti.team\/wp-content\/uploads\/2022\/12\/faq-300x252.jpg 300w, https:\/\/nexti.team\/wp-content\/uploads\/2022\/12\/faq-14x12.jpg 14w\" sizes=\"(max-width: 553px) 100vw, 553px\" \/>\t\t\t\t\t\t\t\t\t\t\t\t\t\t\t<\/div>\n\t\t\t\t<\/div>\n\t\t\t\t\t<\/div>\n\t\t<\/div>\n\t\t\t\t\t\t\t<\/div>\n\t\t<\/section>\n\t\t\t\t<section data-exad-particle-enable=\"false\" class=\"elementor-section elementor-top-section elementor-element elementor-element-8f1c018 elementor-section-full_width qodef-elementor-content-grid elementor-section-height-default elementor-section-height-default exad-parallax-effect-no exad-background-color-change-no exad-glass-effect-no exad-sticky-section-no\" data-id=\"8f1c018\" data-element_type=\"section\" data-settings=\"{&quot;ekit_has_onepagescroll_dot&quot;:&quot;yes&quot;}\">\n\t\t\t\t\t\t<div class=\"elementor-container elementor-column-gap-default\">\n\t\t\t\t\t<div class=\"elementor-column elementor-col-100 elementor-top-column elementor-element elementor-element-93a1c4d exad-glass-effect-no exad-sticky-section-no\" data-id=\"93a1c4d\" data-element_type=\"column\">\n\t\t\t<div class=\"elementor-widget-wrap elementor-element-populated\">\n\t\t\t\t\t\t\t\t<div class=\"elementor-element elementor-element-ea1a11e exad-sticky-section-no exad-glass-effect-no elementor-widget elementor-widget-thorsten_core_accordion\" data-id=\"ea1a11e\" data-element_type=\"widget\" data-settings=\"{&quot;ekit_we_effect_on&quot;:&quot;none&quot;}\" data-widget_type=\"thorsten_core_accordion.default\">\n\t\t\t\t<div class=\"elementor-widget-container\">\n\t\t\t<div class=\"qodef-shortcode qodef-m  qodef-accordion clear qodef-behavior--toggle qodef-layout--simple\">\n\t<h4 class=\"qodef-accordion-title\">\n\t<span class=\"qodef-tab-title\"> Perch\u00e9 \u00e8 necessario contattare un'agenzia di reclutamento?<\/span>\n\t<span class=\"qodef-accordion-mark\">\n\t\t<span class=\"qodef-icon--plus qodef-icon-elegant-icons icon_plus\"><\/span>\n\t\t<span class=\"qodef-icon--minus qodef-icon-elegant-icons icon_minus-06\"><\/span>\n\t<\/span>\n<\/h4>\n<div class=\"qodef-accordion-content\">\n\t<div class=\"qodef-accordion-content-inner\">\n\t\t<p>La societ\u00e0 di reclutamento ha una vasta gamma di opportunit\u00e0 che non sono disponibili per gli individui o le aziende di diversi profili. Questi sono i propri canali di ricerca, l'alta competenza dei reclutatori, la capacit\u00e0 di intervistare un intenso flusso di candidati in poco tempo. Pertanto, l'aiuto di un'agenzia di reclutamento nella ricerca o selezione del personale non \u00e8 un lusso, ma una necessit\u00e0.<\/p>\t<\/div>\n<\/div>\n<h4 class=\"qodef-accordion-title\">\n\t<span class=\"qodef-tab-title\"> Posso contattare la vostra agenzia se vengo da un'altra citt\u00e0\/paese?<\/span>\n\t<span class=\"qodef-accordion-mark\">\n\t\t<span class=\"qodef-icon--plus qodef-icon-elegant-icons icon_plus\"><\/span>\n\t\t<span class=\"qodef-icon--minus qodef-icon-elegant-icons icon_minus-06\"><\/span>\n\t<\/span>\n<\/h4>\n<div class=\"qodef-accordion-content\">\n\t<div class=\"qodef-accordion-content-inner\">\n\t\tCertamente! Lavoriamo con clienti e persone in cerca di lavoro da tutto il mondo. Nell'era della tecnologia e della situazione associata a Covid-19, ci siamo attrezzati per lavorare efficacemente online.\t<\/div>\n<\/div>\n<h4 class=\"qodef-accordion-title\">\n\t<span class=\"qodef-tab-title\">In che modo la vostra azienda \u00e8 diversa dalle altre agenzie di reclutamento che forniscono una gamma simile di servizi di reclutamento?<\/span>\n\t<span class=\"qodef-accordion-mark\">\n\t\t<span class=\"qodef-icon--plus qodef-icon-elegant-icons icon_plus\"><\/span>\n\t\t<span class=\"qodef-icon--minus qodef-icon-elegant-icons icon_minus-06\"><\/span>\n\t<\/span>\n<\/h4>\n<div class=\"qodef-accordion-content\">\n\t<div class=\"qodef-accordion-content-inner\">\n\t\t<p>L'azienda di reclutamento si concentra principalmente su una cooperazione a lungo termine di alta qualit\u00e0. Il principio principale della nostra azienda \u00e8 quello di fornire servizi di alta qualit\u00e0. Con questo intendiamo quanto segue:<\/p><p><b>Specializzazione<\/b><b><br \/><\/b><\/p><p>Ogni settore di attivit\u00e0 dell'azienda \u00e8 guidato da un team separato di specialisti. All'interno del team, una specializzazione \u00e8 definita per ogni dipendente. Crediamo che questa separazione permetta ai nostri clienti di ottenere il massimo dalla cooperazione con la nostra azienda<\/p><p><b>Approccio flessibile alla cooperazione<\/b><\/p><p>La societ\u00e0 di reclutamento si concentra sulla ricerca di una soluzione individuale per ogni progetto. Consideriamo tutte le opzioni per una cooperazione reciprocamente vantaggiosa nell'ambito delle nostre attivit\u00e0.<\/p><p><b>Orientamento al risultato<\/b><\/p><p>Cerchiamo sempre di far corrispondere i risultati del nostro lavoro ai compiti stabiliti. Siamo interessati a garantire che le aspettative della cooperazione con noi siano pienamente soddisfatte.<\/p>\t<\/div>\n<\/div>\n<h4 class=\"qodef-accordion-title\">\n\t<span class=\"qodef-tab-title\">La vostra azienda offre servizi per chi cerca lavoro?<\/span>\n\t<span class=\"qodef-accordion-mark\">\n\t\t<span class=\"qodef-icon--plus qodef-icon-elegant-icons icon_plus\"><\/span>\n\t\t<span class=\"qodef-icon--minus qodef-icon-elegant-icons icon_minus-06\"><\/span>\n\t<\/span>\n<\/h4>\n<div class=\"qodef-accordion-content\">\n\t<div class=\"qodef-accordion-content-inner\">\n\t\tCertamente! Questa \u00e8 la nostra attivit\u00e0 principale. Aiutiamo a trovare un buon lavoro ben retribuito per studenti, immigrati e qualsiasi altra persona che vuole trovare una soluzione dignitosa.\t<\/div>\n<\/div>\n<h4 class=\"qodef-accordion-title\">\n\t<span class=\"qodef-tab-title\"> Fornite garanzie?<\/span>\n\t<span class=\"qodef-accordion-mark\">\n\t\t<span class=\"qodef-icon--plus qodef-icon-elegant-icons icon_plus\"><\/span>\n\t\t<span class=\"qodef-icon--minus qodef-icon-elegant-icons icon_minus-06\"><\/span>\n\t<\/span>\n<\/h4>\n<div class=\"qodef-accordion-content\">\n\t<div class=\"qodef-accordion-content-inner\">\n\t\t<p>Garantiamo la possibilit\u00e0 di individuare un nuovo candidato, in caso di problemi o discrepanze con quello desiderato e la sostituzione del candidato che non ha superato il periodo di prova secondo i termini del contratto<\/p>\t<\/div>\n<\/div>\n<\/div>\n\t\t<\/div>\n\t\t\t\t<\/div>\n\t\t\t\t\t<\/div>\n\t\t<\/div>\n\t\t\t\t\t\t\t<\/div>\n\t\t<\/section>\n\t\t\t\t<section data-exad-particle-enable=\"false\" class=\"elementor-section elementor-top-section elementor-element elementor-element-eea33d6 elementor-section-full_width qodef-elementor-content-grid elementor-section-height-default elementor-section-height-default exad-parallax-effect-no exad-background-color-change-no exad-glass-effect-no exad-sticky-section-no\" data-id=\"eea33d6\" data-element_type=\"section\" data-settings=\"{&quot;ekit_has_onepagescroll_dot&quot;:&quot;yes&quot;}\">\n\t\t\t\t\t\t<div class=\"elementor-container elementor-column-gap-default\">\n\t\t\t\t\t<div class=\"elementor-column elementor-col-100 elementor-top-column elementor-element elementor-element-a1e3237 exad-glass-effect-no exad-sticky-section-no\" data-id=\"a1e3237\" data-element_type=\"column\">\n\t\t\t<div class=\"elementor-widget-wrap elementor-element-populated\">\n\t\t\t\t\t\t\t\t<div class=\"elementor-element elementor-element-5e5bbde exad-sticky-section-no exad-glass-effect-no elementor-widget elementor-widget-heading\" data-id=\"5e5bbde\" data-element_type=\"widget\" data-settings=\"{&quot;ekit_we_effect_on&quot;:&quot;none&quot;}\" data-widget_type=\"heading.default\">\n\t\t\t\t<div class=\"elementor-widget-container\">\n\t\t\t<h2 class=\"elementor-heading-title elementor-size-default\">Se hai bisogno di mandarci un messaggio, compila il modulo qui sotto<\/h2>\t\t<\/div>\n\t\t\t\t<\/div>\n\t\t\t\t<div class=\"elementor-element elementor-element-c5b8856 exad-sticky-section-no exad-glass-effect-no elementor-widget elementor-widget-text-editor\" data-id=\"c5b8856\" data-element_type=\"widget\" data-settings=\"{&quot;ekit_we_effect_on&quot;:&quot;none&quot;}\" data-widget_type=\"text-editor.default\">\n\t\t\t\t<div class=\"elementor-widget-container\">\n\t\t\t\t\t\t\t<p>Il tuo indirizzo e-mail non sar\u00e0 pubblicato. I campi obbligatori sono contrassegnati con*<\/p>\t\t\t\t\t\t<\/div>\n\t\t\t\t<\/div>\n\t\t\t\t<div class=\"elementor-element elementor-element-d933acc exad-sticky-section-no exad-glass-effect-no elementor-widget elementor-widget-wp-widget-thorsten_core_contact_form_7\" data-id=\"d933acc\" data-element_type=\"widget\" data-settings=\"{&quot;ekit_we_effect_on&quot;:&quot;none&quot;}\" data-widget_type=\"wp-widget-thorsten_core_contact_form_7.default\">\n\t\t\t\t<div class=\"elementor-widget-container\">\n\t\t\t\t\t\t<div class=\"qodef-contact-form-7\">\n\t\t\t\t<div role=\"form\" class=\"wpcf7\" id=\"wpcf7-f6974-o1\" lang=\"en-US\" dir=\"ltr\">\n<div class=\"screen-reader-response\"><p role=\"status\" aria-live=\"polite\" aria-atomic=\"true\"><\/p> <ul><\/ul><\/div>\n<form action=\"\/it\/wp-json\/wp\/v2\/pages\/6945#wpcf7-f6974-o1\" method=\"post\" class=\"wpcf7-form init\" novalidate=\"novalidate\" data-status=\"init\" data-trp-original-action=\"\/it\/wp-json\/wp\/v2\/pages\/6945#wpcf7-f6974-o1\">\n<div style=\"display: none;\">\n<input type=\"hidden\" name=\"_wpcf7\" value=\"6974\" \/>\n<input type=\"hidden\" name=\"_wpcf7_version\" value=\"5.5.3\" \/>\n<input type=\"hidden\" name=\"_wpcf7_locale\" value=\"en_US\" \/>\n<input type=\"hidden\" name=\"_wpcf7_unit_tag\" value=\"wpcf7-f6974-o1\" \/>\n<input type=\"hidden\" name=\"_wpcf7_container_post\" value=\"0\" \/>\n<input type=\"hidden\" name=\"_wpcf7_posted_data_hash\" value=\"\" \/>\n<\/div>\n<div class=\"qodef-contact-form-faq\"><span class=\"wpcf7-form-control-wrap your-message\"><textarea name=\"your-message\" cols=\"40\" rows=\"6\" class=\"wpcf7-form-control wpcf7-textarea\" aria-invalid=\"false\" placeholder=\"Messaggio\"><\/textarea><\/span><div><span class=\"wpcf7-form-control-wrap your-name\"><input type=\"text\" name=\"your-name\" value=\"\" size=\"40\" class=\"wpcf7-form-control wpcf7-text wpcf7-validates-as-required\" aria-required=\"true\" aria-invalid=\"false\" placeholder=\"Il tuo nome\" \/><\/span><span class=\"wpcf7-form-control-wrap your-email\"><input type=\"email\" name=\"your-email\" value=\"\" size=\"40\" class=\"wpcf7-form-control wpcf7-text wpcf7-email wpcf7-validates-as-required wpcf7-validates-as-email\" aria-required=\"true\" aria-invalid=\"false\" placeholder=\"Email*\" \/><\/span><span class=\"wpcf7-form-control-wrap your-tel\"><input type=\"tel\" name=\"your-tel\" value=\"\" size=\"40\" class=\"wpcf7-form-control wpcf7-text wpcf7-tel wpcf7-validates-as-tel\" aria-invalid=\"false\" placeholder=\"Telefono\" \/><\/span><\/div><button type=\"submit\" class=\"wpcf7-form-control wpcf7-submit qodef-button qodef-size--normal qodef-layout--filled qodef-m\"><span class=\"qodef-m-text\">Invia<\/span><\/button><\/div><div class=\"wpcf7-response-output\" aria-hidden=\"true\"><\/div><input type=\"hidden\" name=\"trp-form-language\" value=\"it\"\/><\/form><\/div>\t\t\t<\/div>\n\t\t\t\t\t<\/div>\n\t\t\t\t<\/div>\n\t\t\t\t\t<\/div>\n\t\t<\/div>\n\t\t\t\t\t\t\t<\/div>\n\t\t<\/section>\n\t\t\t\t\t\t<\/div>\n\t\t\t\t\t<\/div>","protected":false},"excerpt":{"rendered":"<p>FAQ Page Why do you need to contact a recruiting agency? The recruiting company has a wide range of opportunities that are not available to individuals or companies of different profiles. These are our own search channels, high competence of recruiters, the ability to interview an intense stream of candidates in a short time. Therefore, [&hellip;]<\/p>","protected":false},"author":1,"featured_media":0,"parent":0,"menu_order":0,"comment_status":"closed","ping_status":"closed","template":"page-full-width.php","meta":{"_monsterinsights_skip_tracking":false,"_monsterinsights_sitenote_active":false,"_monsterinsights_sitenote_note":"","_monsterinsights_sitenote_category":0,"footnotes":""},"yoast_head":"<!-- This site is optimized with the Yoast SEO Premium plugin v17.1 (Yoast SEO v17.7.1) - https:\/\/yoast.com\/wordpress\/plugins\/seo\/ -->\n<title>Find the answers!| NEXTI<\/title>\n<meta name=\"description\" content=\"All the necessary information is shown on the FAQ page! Do not hesitate to contact us if needed!\" \/>\n<meta name=\"robots\" content=\"index, follow, max-snippet:-1, max-image-preview:large, max-video-preview:-1\" \/>\n<link rel=\"canonical\" href=\"https:\/\/nexti.team\/it\/faq-page\/\" \/>\n<meta property=\"og:locale\" content=\"it_IT\" \/>\n<meta property=\"og:type\" content=\"article\" \/>\n<meta property=\"og:title\" content=\"FAQ Page\" \/>\n<meta property=\"og:description\" content=\"All the necessary information is shown on the FAQ page! Do not hesitate to contact us if needed!\" \/>\n<meta property=\"og:url\" content=\"https:\/\/nexti.team\/it\/faq-page\/\" \/>\n<meta property=\"og:site_name\" content=\"Nexi HR\" \/>\n<meta property=\"article:modified_time\" content=\"2022-12-16T17:25:18+00:00\" \/>\n<meta property=\"og:image\" content=\"https:\/\/nexti.team\/wp-content\/uploads\/2021\/10\/nexti_1024x512.jpg\" \/>\n\t<meta property=\"og:image:width\" content=\"1024\" \/>\n\t<meta property=\"og:image:height\" content=\"512\" \/>\n<meta name=\"twitter:card\" content=\"summary_large_image\" \/>\n<meta name=\"twitter:image\" content=\"https:\/\/nexti.team\/wp-content\/uploads\/2021\/10\/nexti_500x261.jpg\" \/>\n<meta name=\"twitter:label1\" content=\"Tempo di lettura stimato\" \/>\n\t<meta name=\"twitter:data1\" content=\"2 minuti\" \/>\n<script type=\"application\/ld+json\" class=\"yoast-schema-graph\">{\"@context\":\"https:\/\/schema.org\",\"@graph\":[{\"@type\":\"WebSite\",\"@id\":\"https:\/\/nexti.team\/#website\",\"url\":\"https:\/\/nexti.team\/\",\"name\":\"Nexi HR\",\"description\":\"\",\"potentialAction\":[{\"@type\":\"SearchAction\",\"target\":{\"@type\":\"EntryPoint\",\"urlTemplate\":\"https:\/\/nexti.team\/?s={search_term_string}\"},\"query-input\":\"required name=search_term_string\"}],\"inLanguage\":\"it-IT\"},{\"@type\":\"ImageObject\",\"@id\":\"https:\/\/nexti.team\/faq-page\/#primaryimage\",\"inLanguage\":\"it-IT\",\"url\":\"https:\/\/nexti.team\/wp-content\/uploads\/2021\/10\/nexti_1024x512.jpg\",\"contentUrl\":\"https:\/\/nexti.team\/wp-content\/uploads\/2021\/10\/nexti_1024x512.jpg\",\"width\":1024,\"height\":512},{\"@type\":\"WebPage\",\"@id\":\"https:\/\/nexti.team\/faq-page\/#webpage\",\"url\":\"https:\/\/nexti.team\/faq-page\/\",\"name\":\"Find the answers!| NEXTI\",\"isPartOf\":{\"@id\":\"https:\/\/nexti.team\/#website\"},\"primaryImageOfPage\":{\"@id\":\"https:\/\/nexti.team\/faq-page\/#primaryimage\"},\"datePublished\":\"2021-05-07T17:05:46+00:00\",\"dateModified\":\"2022-12-16T17:25:18+00:00\",\"description\":\"All the necessary information is shown on the FAQ page! Do not hesitate to contact us if needed!\",\"breadcrumb\":{\"@id\":\"https:\/\/nexti.team\/faq-page\/#breadcrumb\"},\"inLanguage\":\"it-IT\",\"potentialAction\":[{\"@type\":\"ReadAction\",\"target\":[\"https:\/\/nexti.team\/faq-page\/\"]}]},{\"@type\":\"BreadcrumbList\",\"@id\":\"https:\/\/nexti.team\/faq-page\/#breadcrumb\",\"itemListElement\":[{\"@type\":\"ListItem\",\"position\":1,\"name\":\"Home\",\"item\":\"https:\/\/nexti.team\/\"},{\"@type\":\"ListItem\",\"position\":2,\"name\":\"FAQ Page\"}]}]}<\/script>\n<!-- \/ Yoast SEO Premium plugin. -->","yoast_head_json":{"title":"Find the answers!| NEXTI","description":"All the necessary information is shown on the FAQ page! Do not hesitate to contact us if needed!","robots":{"index":"index","follow":"follow","max-snippet":"max-snippet:-1","max-image-preview":"max-image-preview:large","max-video-preview":"max-video-preview:-1"},"canonical":"https:\/\/nexti.team\/it\/faq-page\/","og_locale":"it_IT","og_type":"article","og_title":"FAQ Page","og_description":"All the necessary information is shown on the FAQ page! Do not hesitate to contact us if needed!","og_url":"https:\/\/nexti.team\/it\/faq-page\/","og_site_name":"Nexi HR","article_modified_time":"2022-12-16T17:25:18+00:00","og_image":[{"width":1024,"height":512,"url":"https:\/\/nexti.team\/wp-content\/uploads\/2021\/10\/nexti_1024x512.jpg","type":"image\/jpeg"}],"twitter_card":"summary_large_image","twitter_image":"https:\/\/nexti.team\/wp-content\/uploads\/2021\/10\/nexti_500x261.jpg","twitter_misc":{"Tempo di lettura stimato":"2 minuti"},"schema":{"@context":"https:\/\/schema.org","@graph":[{"@type":"WebSite","@id":"https:\/\/nexti.team\/#website","url":"https:\/\/nexti.team\/","name":"Nexi HR","description":"","potentialAction":[{"@type":"SearchAction","target":{"@type":"EntryPoint","urlTemplate":"https:\/\/nexti.team\/?s={search_term_string}"},"query-input":"required name=search_term_string"}],"inLanguage":"it-IT"},{"@type":"ImageObject","@id":"https:\/\/nexti.team\/faq-page\/#primaryimage","inLanguage":"it-IT","url":"https:\/\/nexti.team\/wp-content\/uploads\/2021\/10\/nexti_1024x512.jpg","contentUrl":"https:\/\/nexti.team\/wp-content\/uploads\/2021\/10\/nexti_1024x512.jpg","width":1024,"height":512},{"@type":"WebPage","@id":"https:\/\/nexti.team\/faq-page\/#webpage","url":"https:\/\/nexti.team\/faq-page\/","name":"Find the answers!| NEXTI","isPartOf":{"@id":"https:\/\/nexti.team\/#website"},"primaryImageOfPage":{"@id":"https:\/\/nexti.team\/faq-page\/#primaryimage"},"datePublished":"2021-05-07T17:05:46+00:00","dateModified":"2022-12-16T17:25:18+00:00","description":"All the necessary information is shown on the FAQ page! Do not hesitate to contact us if needed!","breadcrumb":{"@id":"https:\/\/nexti.team\/faq-page\/#breadcrumb"},"inLanguage":"it-IT","potentialAction":[{"@type":"ReadAction","target":["https:\/\/nexti.team\/faq-page\/"]}]},{"@type":"BreadcrumbList","@id":"https:\/\/nexti.team\/faq-page\/#breadcrumb","itemListElement":[{"@type":"ListItem","position":1,"name":"Home","item":"https:\/\/nexti.team\/"},{"@type":"ListItem","position":2,"name":"FAQ Page"}]}]}},"_links":{"self":[{"href":"https:\/\/nexti.team\/it\/wp-json\/wp\/v2\/pages\/6945"}],"collection":[{"href":"https:\/\/nexti.team\/it\/wp-json\/wp\/v2\/pages"}],"about":[{"href":"https:\/\/nexti.team\/it\/wp-json\/wp\/v2\/types\/page"}],"author":[{"embeddable":true,"href":"https:\/\/nexti.team\/it\/wp-json\/wp\/v2\/users\/1"}],"replies":[{"embeddable":true,"href":"https:\/\/nexti.team\/it\/wp-json\/wp\/v2\/comments?post=6945"}],"version-history":[{"count":0,"href":"https:\/\/nexti.team\/it\/wp-json\/wp\/v2\/pages\/6945\/revisions"}],"wp:attachment":[{"href":"https:\/\/nexti.team\/it\/wp-json\/wp\/v2\/media?parent=6945"}],"curies":[{"name":"wp","href":"https:\/\/api.w.org\/{rel}","templated":true}]}}